{"id":7527,"date":"2026-02-10T19:13:45","date_gmt":"2026-02-10T19:13:45","guid":{"rendered":"https:\/\/jginerillustration.com\/shop\/inari-japanese-concepts-collection\/"},"modified":"2026-02-24T22:41:31","modified_gmt":"2026-02-24T22:41:31","slug":"inari-japanese-concepts-collection","status":"publish","type":"product","link":"https:\/\/jginerillustration.com\/es\/producto\/inari-japanese-concepts-collection\/","title":{"rendered":"Inari (Japanese Concepts Collection)"},"content":{"rendered":"<p data-start=\"91\" data-end=\"244\">Esta ilustraci\u00f3n pertenece a la <em data-start=\"124\" data-end=\"154\">&#8220;Japanese Concepts Collection&#8221;<\/em> , un conjunto de ilustraciones que quiero ir elaborando a lo largo de los a\u00f1os y en los que exploro una de mis pasiones; <strong>El conceptismo Japon\u00e9s.<\/strong><\/p>\n<p data-start=\"251\" data-end=\"574\">Inspirados en su mitolog\u00eda, filosof\u00eda y estilos de vida. <strong>Jap\u00f3n siempre se ha caracterizado por destilar profundos significados en un lenguaje visual cuidado y minimal<\/strong>. En estas ilustraciones, estudio estos conceptos poco conocidos, y <strong>os ofrezco mi visi\u00f3n de ellos como artista<\/strong>. Todo ello impreso en papel con textura de pergamino.<\/p>\n<p data-start=\"324\" data-end=\"533\"><strong data-start=\"324\" data-end=\"387\">Inari era uno de los kamis m\u00e1s cercanos a la vida de los japoneses<\/strong>.<br data-start=\"387\" data-end=\"390\" \/>Uno de esos que ha conseguido enraizarse en la cultura popular, y a quienes j\u00f3venes y ancianos le rezaban por igual cuando sent\u00edan que lo necesitaban.<\/p>\n<p data-start=\"538\" data-end=\"846\">Es un dios de la abundancia, del arroz y de la suerte. Suele enviar emisarios en forma de Kitsune (zorros), portando entre sus dientes la <em data-start=\"664\" data-end=\"679\">Inari no kagi<\/em> , la llave de todos los graneros. Y si verdaderamente lo necesitas y lo pides con humildad, Inari no har\u00e1 nada directamente por t\u00ed, pero inclinar\u00e1 la balanza a tu favor.<\/p>\n<p data-start=\"851\" data-end=\"996\">En esta obra he querido representar el c\u00f3mo la antigua fe en seres que reg\u00edan nuestro destino est\u00e1 casi extinta; los dioses han muerto.<\/p>\n<p data-start=\"1001\" data-end=\"1175\">Pero como todo lo muerto, ah\u00ed donde cae, nutre el suelo que hay debajo&#8230; Esos dioses quiz\u00e1s murieron, pero s\u00ed que ayudaron a moldear el qu\u00e9 somos ahora, y c\u00f3mo entendemos la vida.<\/p>\n<p data-start=\"1180\" data-end=\"1386\">Hoy en d\u00eda ya no rezamos, ya no pedimos ayuda a seres superiores&#8230; Pero sabemos que la suerte existe. Obra de formas misteriosas, y tiene la capacidad de crear un pez brillante en medio de un estanque de peces negros.<\/p>\n<p data-start=\"1391\" data-end=\"1472\"><strong>Pero para tener la oportunidad de brillar, hay que intentarlo.<\/strong><\/p>\n<p data-start=\"1391\" data-end=\"1472\"><br data-start=\"1444\" data-end=\"1447\" \/><strong>Hay que seguir nadando.<\/strong><\/p>\n<ul>\n<li><strong>Pintado en t\u00e9cnica mixta (acuarela, rotuladores de alcohol y gouache)<\/strong><\/li>\n<li><strong>Impreso en papel de alta calidad de 300g<\/strong><\/li>\n<li><strong>Algunas prints tienen diferentes tama\u00f1os, por favor compru\u00e9balo antes de hacer el pedido !<\/strong><\/li>\n<li><strong>Los colores pueden variar levemente de la pantalla del monitor<\/strong><\/li>\n<\/ul>\n","protected":false},"excerpt":{"rendered":"<ul>\n<li><strong>Pintado en t\u00e9cnica mixta<\/strong><\/li>\n<li><strong>Impreso en papel de alta calidad<\/strong><\/li>\n<li><strong>Algunas prints tienen diferentes tama\u00f1os<\/strong><\/li>\n<li><strong>Los colores pueden variar<\/strong><\/li>\n<\/ul>\n","protected":false},"featured_media":7523,"template":"","meta":{"_acf_changed":false},"product_brand":[],"product_cat":[46,52],"product_tag":[],"class_list":{"0":"post-7527","1":"product","2":"type-product","3":"status-publish","4":"has-post-thumbnail","6":"product_cat-arte-original","7":"product_cat-laminas","9":"first","10":"instock","11":"taxable","12":"shipping-taxable","13":"purchasable","14":"product-type-variable"},"acf":[],"_links":{"self":[{"href":"https:\/\/jginerillustration.com\/es\/wp-json\/wp\/v2\/product\/7527","targetHints":{"allow":["GET"]}}],"collection":[{"href":"https:\/\/jginerillustration.com\/es\/wp-json\/wp\/v2\/product"}],"about":[{"href":"https:\/\/jginerillustration.com\/es\/wp-json\/wp\/v2\/types\/product"}],"wp:featuredmedia":[{"embeddable":true,"href":"https:\/\/jginerillustration.com\/es\/wp-json\/wp\/v2\/media\/7523"}],"wp:attachment":[{"href":"https:\/\/jginerillustration.com\/es\/wp-json\/wp\/v2\/media?parent=7527"}],"wp:term":[{"taxonomy":"product_brand","embeddable":true,"href":"https:\/\/jginerillustration.com\/es\/wp-json\/wp\/v2\/product_brand?post=7527"},{"taxonomy":"product_cat","embeddable":true,"href":"https:\/\/jginerillustration.com\/es\/wp-json\/wp\/v2\/product_cat?post=7527"},{"taxonomy":"product_tag","embeddable":true,"href":"https:\/\/jginerillustration.com\/es\/wp-json\/wp\/v2\/product_tag?post=7527"}],"curies":[{"name":"wp","href":"https:\/\/api.w.org\/{rel}","templated":true}]}}