{"id":4602,"date":"2025-11-10T11:55:04","date_gmt":"2025-11-10T11:55:04","guid":{"rendered":"https:\/\/jginerillustration.com\/recupera-tu-contrasena\/"},"modified":"2025-12-21T00:29:14","modified_gmt":"2025-12-21T00:29:14","slug":"lost-password","status":"publish","type":"page","link":"https:\/\/jginerillustration.com\/es\/lost-password\/","title":{"rendered":"Recupera tu contrase\u00f1a"},"content":{"rendered":"\t\t<div data-elementor-type=\"wp-page\" data-elementor-id=\"4602\" class=\"elementor elementor-4602 elementor-914\" data-elementor-post-type=\"page\">\n\t\t\t\t<div class=\"elementor-element elementor-element-4778e32 e-con-full e-flex e-con e-parent\" data-id=\"4778e32\" data-element_type=\"container\" data-e-type=\"container\">\n\t\t\t\t<div class=\"elementor-element elementor-element-655958f elementor-widget__width-initial elementor-widget-widescreen__width-initial elementor-widget-laptop__width-initial elementor-widget-tablet_extra__width-initial elementor-widget-tablet__width-initial log-img elementor-hidden-mobile_extra elementor-hidden-mobile elementor-widget elementor-widget-image\" data-id=\"655958f\" data-element_type=\"widget\" data-e-type=\"widget\" data-widget_type=\"image.default\">\n\t\t\t\t\t\t\t\t\t\t\t\t\t\t\t<img fetchpriority=\"high\" decoding=\"async\" width=\"800\" height=\"1131\" src=\"https:\/\/jginerillustration.com\/wp-content\/uploads\/bg-mascara-login.webp\" class=\"attachment-full size-full wp-image-4196\" alt=\"Fondo\" srcset=\"https:\/\/jginerillustration.com\/wp-content\/uploads\/bg-mascara-login.webp 800w, https:\/\/jginerillustration.com\/wp-content\/uploads\/bg-mascara-login-212x300.webp 212w, https:\/\/jginerillustration.com\/wp-content\/uploads\/bg-mascara-login-724x1024.webp 724w, https:\/\/jginerillustration.com\/wp-content\/uploads\/bg-mascara-login-106x150.webp 106w, https:\/\/jginerillustration.com\/wp-content\/uploads\/bg-mascara-login-768x1086.webp 768w, https:\/\/jginerillustration.com\/wp-content\/uploads\/bg-mascara-login-300x424.webp 300w, https:\/\/jginerillustration.com\/wp-content\/uploads\/bg-mascara-login-600x848.webp 600w\" sizes=\"(max-width: 800px) 100vw, 800px\" \/>\t\t\t\t\t\t\t\t\t\t\t\t\t\t\t<\/div>\n\t\t<div class=\"elementor-element elementor-element-bb093b3 e-con-full e-flex e-con e-child\" data-id=\"bb093b3\" data-element_type=\"container\" data-e-type=\"container\" data-settings=\"{&quot;background_background&quot;:&quot;gradient&quot;}\">\n\t\t\t\t<div class=\"elementor-element elementor-element-bcbd86c elementor-widget elementor-widget-theme-site-logo elementor-widget-image\" data-id=\"bcbd86c\" data-element_type=\"widget\" data-e-type=\"widget\" data-widget_type=\"theme-site-logo.default\">\n\t\t\t\t\t\t\t\t\t\t\t<img decoding=\"async\" width=\"132\" height=\"122\" src=\"https:\/\/jginerillustration.com\/wp-content\/uploads\/logotipo.svg\" class=\"attachment-full size-full wp-image-75\" alt=\"Logotipo\" \/>\t\t\t\t\t\t\t\t\t\t\t\t<\/div>\n\t\t\t\t<div class=\"elementor-element elementor-element-c742958 elementor-widget elementor-widget-heading\" data-id=\"c742958\" data-element_type=\"widget\" data-e-type=\"widget\" data-widget_type=\"heading.default\">\n\t\t\t\t\t<h1 class=\"elementor-heading-title elementor-size-default\">Recupera tu contrase\u00f1a<\/h1>\t\t\t\t<\/div>\n\t\t\t\t<div class=\"elementor-element elementor-element-245b341 elementor-widget elementor-widget-html\" data-id=\"245b341\" data-element_type=\"widget\" data-e-type=\"widget\" data-widget_type=\"html.default\">\n\t\t\t\t\t<div class=\"login-register-container\"><!-- Contenido de pesta\u00f1as --><div class=\"tab-content\" id=\"login\"><div class=\"tml tml-lostpassword\">\n<div class=\"tml-alerts\"><\/div><form name=\"lostpassword\" action=\"https:\/\/jginerillustration.com\/es\/lost-password\/\" method=\"post\">\n<div class=\"tml-field-wrap tml-message-wrap\">\n<p class=\"tml-message\">Por favor, introduce tu nombre de usuario o direcci\u00f3n de correo electr\u00f3nico. Recibir\u00e1s un mensaje de correo electr\u00f3nico con instrucciones sobre c\u00f3mo restablecer tu contrase\u00f1a.<\/p><\/div>\n\n<div class=\"tml-field-wrap tml-user_login-wrap\">\n<label class=\"tml-label\" for=\"user_login\">Nombre de usuario o correo electr\u00f3nico<\/label>\n<input name=\"user_login\" type=\"text\" value=\"\" id=\"user_login\" autocapitalize=\"off\" class=\"tml-field\">\n<\/div>\n\n\n<div class=\"tml-field-wrap tml-submit-wrap\">\n<button name=\"submit\" type=\"submit\" class=\"tml-button\">Obtener una contrase\u00f1a nueva<\/button>\n<\/div>\n\n<input name=\"redirect_to\" type=\"hidden\" value=\"\">\n\n<\/form>\n<ul class=\"tml-links\"><li class=\"tml-login-link\"><a href=\"https:\/\/jginerillustration.com\/es\/login\/\">Acceder<\/a><\/li><li class=\"tml-register-link\"><a href=\"https:\/\/jginerillustration.com\/es\/register\/\">Registro<\/a><\/li><\/ul><\/div>\n\r\n  <\/div><\/div><style>\/* Contenedor general *\/\r\n.login-register-container { \r\n    max-width: 400px; \r\n    margin: 0 auto; \r\n    color:#fff; \r\n    padding-bottom: 50px; \/* padding inferior fijo *\/\r\n}\r\n\r\n\/* Pesta\u00f1as *\/\r\n.tabs {\r\n    display: flex; \r\n    border-radius: 50px; \r\n    overflow: hidden; \r\n    margin-bottom: 40px;\r\n}\r\n\r\n.tab-btn { \r\n    flex: 1; \r\n    padding: 10px; \r\n    cursor: pointer; \r\n    border: none; \r\n    color: white;\r\n    transition: 0.3s; \r\n    background: none !important;\r\n}\r\n\r\n.tab-btn.active { \r\n    background: linear-gradient(135deg, #E68C00, #AC4301) !important; \r\n    color: #fff; \r\n    border-radius: 50px;\r\n    padding: 15px 30px;\r\n}\r\n\r\n.tab-content {\r\n    color: white; \r\n}\r\n\r\n\/* Labels *\/\r\n.tml-label {\r\n    font-weight: bold;\r\n}\r\n\r\n\/* Campos *\/\r\n.tml-field {\r\n    height: 50px;\r\n    border: unset !important;\r\n    border-radius: unset !important;\r\n    width: 100%;\r\n}\r\n\r\n\/* Bot\u00f3n *\/\r\n.tml-button {\r\n    width: 100%;\r\n    background: linear-gradient(135deg, #E68C00, #AC4301) !important; \r\n    color: #fff; \r\n    border-radius: 50px;\r\n    padding: 20px 30px;\r\n    height: 50px;\r\n    border: unset !important;\r\n}\r\n\r\n\/* Enlaces *\/\r\n.tml-links {\r\n    list-style: none;\r\n    padding-left: 0; \r\n    margin-left: 0; \r\n}\r\n\r\n.tml-links li {\r\n    display: inline-block;\r\n    margin-right: 10px;\r\n}\r\n\r\n\/* Checkbox de privacidad *\/\r\n.tml-privacy-wrap {\r\n    margin-bottom: 20px;\r\n    font-size: 14px;\r\n    color: #fff;\r\n}\r\n\r\n.tml-privacy-wrap a {\r\n    color: #E68C00;\r\n    text-decoration: underline;\r\n}\r\n\r\n#register-form .tml-field-wrap {\r\n    margin-bottom: 20px; \/* Gap uniforme entre campos y checkbox *\/\r\n}\r\n\r\n\/* Hint de contrase\u00f1a *\/\r\n.login-register-container .description.indicator-hint {\r\n    margin-top: 10px;\r\n    font-size: 10px;\r\n}\r\n\r\n\/* Tama\u00f1o de labels responsive *\/\r\n@media (min-width: 1366px) {\r\n    .login-register-container .tml-label { font-size: 14px; }\r\n}\r\n@media (min-width: 768px) and (max-width: 1365px) {\r\n    .login-register-container .tml-label { font-size: 16px; }\r\n}\r\n@media (max-width: 767px) {\r\n    .login-register-container .tml-label { font-size: 16px; }\r\n\r\n    .login-register-container {\r\n        padding-left: 30px;\r\n        padding-right: 30px;\r\n        padding-bottom: 50px;\r\n    }\r\n\r\n    \/* Campos y botones ocupan 100% dentro del padding *\/\r\n    .login-register-container .tml-field,\r\n    .login-register-container .tml-button {\r\n        width: 100%;\r\n    }\r\n}\r\n\r\n\/* Quitar todos los estilos de TML para mensajes *\/\r\n.tml .tml-action-confirmaction .success,\r\n.tml .tml-error,\r\n.tml .tml-message,\r\n.tml .tml-success {\r\n    border: none !important;\r\n    box-shadow: none !important;\r\n    display: block !important; \/* puedes mantener block si quieres que el texto se muestre *\/\r\n    margin: 0 !important;\r\n    padding: 0 !important;\r\n    background: none !important;\r\n    color: #fff; \/* opcional: mantener texto visible en blanco *\/\r\n    font-size: 12px; \/* opcional: tama\u00f1o de texto uniforme *\/\r\n}\r\n\r\n\r\n\/* Margin top para el bot\u00f3n de registro *\/\r\n.login-register-container .tml-button {\r\n    margin-top: 20px;\r\n}\r\n\r\n\/* Centrar el enlace \"Log in\" *\/\r\n.tml-links {\r\n    list-style: none;\r\n    padding-left: 0;\r\n    margin-left: 0;\r\n    text-align: center; \/* centrado horizontal *\/\r\n}\r\n\r\n.tml-links li {\r\n    display: inline-block;\r\n    margin-right: 10px;\r\n}\r\n\r\n\/* Ocultar la banda azul del mensaje *\/\r\n.tml-message-wrap {\r\n    background: none !important; \/* elimina color de fondo *\/\r\n    border: none !important;     \/* elimina borde si lo hubiera *\/\r\n    padding: 0 !important;       \/* elimina padding si existiera *\/\r\n}\r\n\r\n\/* Ajustar el tama\u00f1o de letra del mensaje *\/\r\n.tml-message-wrap .tml-message {\r\n    font-size: 12px !important;\r\n    color: #fff; \/* mantener color coherente con tu dise\u00f1o *\/\r\n    margin-bottom: 10px; \/* opcional, espacio inferior *\/\r\n}\r\n\r\n\r\n<\/style><script>document.querySelectorAll('.tab-btn').forEach(btn => {\r\n  btn.addEventListener('click', () => {\r\n    document.querySelectorAll('.tab-btn').forEach(b => b.classList.remove('active'));\r\n    btn.classList.add('active');\r\n\r\n    document.querySelectorAll('.tab-content').forEach(tc => tc.style.display='none');\r\n    document.getElementById(btn.dataset.tab).style.display='block';\r\n  });\r\n});\r\n\r\ndocument.querySelector('#register-form').addEventListener('submit', function(e){\r\n  var checkbox = document.querySelector('#privacy_policy');\r\n  if(!checkbox.checked){\r\n    alert('You must accept the Privacy Policy to register.');\r\n    e.preventDefault();\r\n  }\r\n});\r\n<\/script>\t\t\t\t<\/div>\n\t\t\t\t<\/div>\n\t\t\t\t<\/div>\n\t\t\t\t<\/div>\n\t\t","protected":false},"excerpt":{"rendered":"","protected":false},"author":1,"featured_media":5804,"parent":0,"menu_order":0,"comment_status":"closed","ping_status":"closed","template":"elementor_canvas","meta":{"_acf_changed":false,"footnotes":""},"class_list":["post-4602","page","type-page","status-publish","has-post-thumbnail","hentry"],"acf":[],"_links":{"self":[{"href":"https:\/\/jginerillustration.com\/es\/wp-json\/wp\/v2\/pages\/4602","targetHints":{"allow":["GET"]}}],"collection":[{"href":"https:\/\/jginerillustration.com\/es\/wp-json\/wp\/v2\/pages"}],"about":[{"href":"https:\/\/jginerillustration.com\/es\/wp-json\/wp\/v2\/types\/page"}],"author":[{"embeddable":true,"href":"https:\/\/jginerillustration.com\/es\/wp-json\/wp\/v2\/users\/1"}],"replies":[{"embeddable":true,"href":"https:\/\/jginerillustration.com\/es\/wp-json\/wp\/v2\/comments?post=4602"}],"version-history":[{"count":2,"href":"https:\/\/jginerillustration.com\/es\/wp-json\/wp\/v2\/pages\/4602\/revisions"}],"predecessor-version":[{"id":4840,"href":"https:\/\/jginerillustration.com\/es\/wp-json\/wp\/v2\/pages\/4602\/revisions\/4840"}],"wp:featuredmedia":[{"embeddable":true,"href":"https:\/\/jginerillustration.com\/es\/wp-json\/wp\/v2\/media\/5804"}],"wp:attachment":[{"href":"https:\/\/jginerillustration.com\/es\/wp-json\/wp\/v2\/media?parent=4602"}],"curies":[{"name":"wp","href":"https:\/\/api.w.org\/{rel}","templated":true}]}}